{"id":19,"date":"2019-11-24T16:30:16","date_gmt":"2019-11-24T16:30:16","guid":{"rendered":"https:\/\/dialyse-organ-aoe.de\/?page_id=19"},"modified":"2026-03-21T17:27:29","modified_gmt":"2026-03-21T17:27:29","slug":"presseberichte","status":"publish","type":"page","link":"http:\/\/dialyse-organ-aoe.de\/?page_id=19","title":{"rendered":"Presseberichte"},"content":{"rendered":"<p>&nbsp;<\/p>\n<p style=\"text-align: center;\"><strong>Jahreshauptversammlung mit Wahl des Vorstandes 08.03.2026<\/strong><\/p>\n<p><img loading=\"lazy\" decoding=\"async\" class=\"aligncenter wp-image-821\" src=\"http:\/\/dialyse-organ-aoe.de\/wp-content\/uploads\/2026\/03\/Jahreshauptversammling2026-279x300.jpg\" alt=\"\" width=\"384\" height=\"412\" srcset=\"http:\/\/dialyse-organ-aoe.de\/wp-content\/uploads\/2026\/03\/Jahreshauptversammling2026-279x300.jpg 279w, http:\/\/dialyse-organ-aoe.de\/wp-content\/uploads\/2026\/03\/Jahreshauptversammling2026-768x824.jpg 768w, http:\/\/dialyse-organ-aoe.de\/wp-content\/uploads\/2026\/03\/Jahreshauptversammling2026.jpg 913w\" sizes=\"auto, (max-width: 384px) 100vw, 384px\" \/><\/p>\n<p>&nbsp;<\/p>\n<p style=\"text-align: center;\"><strong>Organspendetag mit hohem Besuch 06.06.2025<\/strong><\/p>\n<p><img loading=\"lazy\" decoding=\"async\" class=\"aligncenter size-full wp-image-827\" src=\"http:\/\/dialyse-organ-aoe.de\/wp-content\/uploads\/2026\/03\/Organspendetag2025.jpg\" alt=\"\" width=\"608\" height=\"830\" srcset=\"http:\/\/dialyse-organ-aoe.de\/wp-content\/uploads\/2026\/03\/Organspendetag2025.jpg 608w, http:\/\/dialyse-organ-aoe.de\/wp-content\/uploads\/2026\/03\/Organspendetag2025-220x300.jpg 220w\" sizes=\"auto, (max-width: 608px) 100vw, 608px\" \/><\/p>\n<p>&nbsp;<\/p>\n<p style=\"text-align: center;\"><strong>30 j\u00e4hriges Bestehen der Selbsthilfegruppe vom 07.09.2025<\/strong><\/p>\n<p style=\"text-align: center;\"><img loading=\"lazy\" decoding=\"async\" class=\"alignnone wp-image-745\" src=\"http:\/\/dialyse-organ-aoe.de\/wp-content\/uploads\/2026\/01\/30Jahre-Feier-296x300.jpg\" alt=\"\" width=\"564\" height=\"572\" srcset=\"http:\/\/dialyse-organ-aoe.de\/wp-content\/uploads\/2026\/01\/30Jahre-Feier-296x300.jpg 296w, http:\/\/dialyse-organ-aoe.de\/wp-content\/uploads\/2026\/01\/30Jahre-Feier-1012x1024.jpg 1012w, http:\/\/dialyse-organ-aoe.de\/wp-content\/uploads\/2026\/01\/30Jahre-Feier-768x777.jpg 768w, http:\/\/dialyse-organ-aoe.de\/wp-content\/uploads\/2026\/01\/30Jahre-Feier.jpg 1170w\" sizes=\"auto, (max-width: 564px) 100vw, 564px\" \/><\/p>\n<p>&nbsp;<\/p>\n<p>&nbsp;<\/p>\n<p style=\"text-align: center;\"><strong>Bericht im Alt-Neu\u00f6ttinger Anzeiger vom 07.06.2021<\/strong><br \/>\n(zur Vergr\u00f6\u00dferung bitte anklicken):<\/p>\n<p><a href=\"http:\/\/dialyse-organ-aoe.de\/wp-content\/uploads\/2021\/06\/2021_06_07_PNP.pdf\" target=\"_blank\" rel=\"noopener noreferrer\"><img loading=\"lazy\" decoding=\"async\" class=\"wp-image-289 size-full aligncenter\" src=\"http:\/\/dialyse-organ-aoe.de\/wp-content\/uploads\/2021\/06\/2021_06_07_PNP.jpg\" alt=\"\" width=\"875\" height=\"276\" \/><\/a><\/p>\n<hr \/>\n<p style=\"text-align: center;\"><strong>Bericht im Alt-Neu\u00f6ttinger Anzeiger vom 20.04.2021<\/strong><br \/>\n(zur Vergr\u00f6\u00dferung bitte anklicken):<\/p>\n<p><a href=\"http:\/\/dialyse-organ-aoe.de\/wp-content\/uploads\/2021\/04\/2021_04_20_PNP.pdf\" target=\"_blank\" rel=\"noopener noreferrer\"><img loading=\"lazy\" decoding=\"async\" class=\"wp-image-289 size-full aligncenter\" src=\"http:\/\/dialyse-organ-aoe.de\/wp-content\/uploads\/2021\/04\/2021_04_20_PNP.jpg\" alt=\"\" width=\"875\" height=\"276\" \/><\/a><\/p>\n<hr \/>\n<p style=\"text-align: center;\"><strong>Bericht im Alt-Neu\u00f6ttinger Anzeiger vom 19.04.2021<\/strong><br \/>\n(zur Vergr\u00f6\u00dferung bitte anklicken):<\/p>\n<p><a href=\"http:\/\/dialyse-organ-aoe.de\/wp-content\/uploads\/2021\/04\/2021_04_19_PNP.pdf\" target=\"_blank\" rel=\"noopener noreferrer\"><img loading=\"lazy\" decoding=\"async\" class=\"wp-image-289 size-full aligncenter\" src=\"http:\/\/dialyse-organ-aoe.de\/wp-content\/uploads\/2021\/04\/2021_04_19_PNP.jpg\" alt=\"\" width=\"875\" height=\"276\" \/><\/a><\/p>\n<hr \/>\n<p style=\"text-align: center;\"><strong>Bericht im Alt-Neu\u00f6ttinger Anzeiger vom 12.03.2021<\/strong><br \/>\n(zur Vergr\u00f6\u00dferung bitte anklicken):<\/p>\n<p><a href=\"http:\/\/dialyse-organ-aoe.de\/wp-content\/uploads\/2021\/04\/2021_03_21_PNP.pdf\" target=\"_blank\" rel=\"noopener noreferrer\"><img loading=\"lazy\" decoding=\"async\" class=\"wp-image-289 size-full aligncenter\" src=\"http:\/\/dialyse-organ-aoe.de\/wp-content\/uploads\/2021\/04\/2021_03_21_PNP.jpg\" alt=\"\" width=\"875\" height=\"276\" \/><\/a><\/p>\n<hr \/>\n<p style=\"text-align: center;\"><strong>Bericht im Alt-Neu\u00f6ttinger Anzeiger vom 12.06.2019<\/strong><br \/>\n(zur Vergr\u00f6\u00dferung bitte anklicken):<\/p>\n<p><a href=\"http:\/\/dialyse-organ-aoe.de\/wp-content\/uploads\/2019\/12\/2019_06_12_PNP.pdf\" target=\"_blank\" rel=\"noopener noreferrer\"><img loading=\"lazy\" decoding=\"async\" class=\"wp-image-289 size-full aligncenter\" src=\"http:\/\/dialyse-organ-aoe.de\/wp-content\/uploads\/2019\/12\/2019_06_12_PNP.jpg\" alt=\"\" width=\"875\" height=\"276\" srcset=\"http:\/\/dialyse-organ-aoe.de\/wp-content\/uploads\/2019\/12\/2019_06_12_PNP.jpg 875w, http:\/\/dialyse-organ-aoe.de\/wp-content\/uploads\/2019\/12\/2019_06_12_PNP-300x95.jpg 300w, http:\/\/dialyse-organ-aoe.de\/wp-content\/uploads\/2019\/12\/2019_06_12_PNP-768x242.jpg 768w, http:\/\/dialyse-organ-aoe.de\/wp-content\/uploads\/2019\/12\/2019_06_12_PNP-500x158.jpg 500w\" sizes=\"auto, (max-width: 875px) 100vw, 875px\" \/><\/a><\/p>\n<hr \/>\n<p style=\"text-align: center;\"><strong>Bericht im Alt-Neu\u00f6ttinger Anzeiger vom 05.04.2019<\/strong><br \/>\n(zur Vergr\u00f6\u00dferung bitte anklicken):<\/p>\n<p><a href=\"http:\/\/dialyse-organ-aoe.de\/wp-content\/uploads\/2019\/12\/2019_04_05_PNP.pdf\" target=\"_blank\" rel=\"noopener noreferrer\"><img loading=\"lazy\" decoding=\"async\" class=\"wp-image-287 size-full aligncenter\" src=\"http:\/\/dialyse-organ-aoe.de\/wp-content\/uploads\/2019\/12\/2019_04_05_PNP.jpg\" alt=\"\" width=\"312\" height=\"283\" srcset=\"http:\/\/dialyse-organ-aoe.de\/wp-content\/uploads\/2019\/12\/2019_04_05_PNP.jpg 312w, http:\/\/dialyse-organ-aoe.de\/wp-content\/uploads\/2019\/12\/2019_04_05_PNP-300x272.jpg 300w\" sizes=\"auto, (max-width: 312px) 100vw, 312px\" \/><\/a><\/p>\n<hr \/>\n<p style=\"text-align: center;\"><strong>Bericht im Alt-Neu\u00f6ttinger Anzeiger vom 28.03.2019<\/strong><br \/>\n(zur Vergr\u00f6\u00dferung bitte anklicken):<\/p>\n<p>&nbsp;<\/p>\n<p>&nbsp;<\/p>\n<hr \/>\n<p style=\"text-align: center;\"><strong>Bericht im Alt-Neu\u00f6ttinger Anzeiger vom 13.03.2019<\/strong><br \/>\n(zur Vergr\u00f6\u00dferung bitte anklicken):<\/p>\n<p><a href=\"http:\/\/dialyse-organ-aoe.de\/wp-content\/uploads\/2019\/12\/2019_03_13_PNP.pdf\" target=\"_blank\" rel=\"noopener noreferrer\"><img loading=\"lazy\" decoding=\"async\" class=\"wp-image-283 size-full aligncenter\" src=\"http:\/\/dialyse-organ-aoe.de\/wp-content\/uploads\/2019\/12\/2019_03_13_PNP.jpg\" alt=\"\" width=\"317\" height=\"407\" srcset=\"http:\/\/dialyse-organ-aoe.de\/wp-content\/uploads\/2019\/12\/2019_03_13_PNP.jpg 317w, http:\/\/dialyse-organ-aoe.de\/wp-content\/uploads\/2019\/12\/2019_03_13_PNP-234x300.jpg 234w\" sizes=\"auto, (max-width: 317px) 100vw, 317px\" \/><\/a><\/p>\n<hr \/>\n<p style=\"text-align: center;\"><strong>Bericht im Alt-Neu\u00f6ttinger Anzeiger vom 07.06.2018<\/strong><br \/>\n(zur Vergr\u00f6\u00dferung bitte anklicken):<\/p>\n<p><a href=\"http:\/\/dialyse-organ-aoe.de\/wp-content\/uploads\/2019\/12\/2018_06_07_PNP.pdf\" target=\"_blank\" rel=\"noopener noreferrer\"><img loading=\"lazy\" decoding=\"async\" class=\"wp-image-281 size-full aligncenter\" src=\"http:\/\/dialyse-organ-aoe.de\/wp-content\/uploads\/2019\/12\/2018_06_07_PNP.jpg\" alt=\"\" width=\"875\" height=\"652\" srcset=\"http:\/\/dialyse-organ-aoe.de\/wp-content\/uploads\/2019\/12\/2018_06_07_PNP.jpg 875w, http:\/\/dialyse-organ-aoe.de\/wp-content\/uploads\/2019\/12\/2018_06_07_PNP-300x224.jpg 300w, http:\/\/dialyse-organ-aoe.de\/wp-content\/uploads\/2019\/12\/2018_06_07_PNP-768x572.jpg 768w, http:\/\/dialyse-organ-aoe.de\/wp-content\/uploads\/2019\/12\/2018_06_07_PNP-403x300.jpg 403w\" sizes=\"auto, (max-width: 875px) 100vw, 875px\" \/><\/a><\/p>\n<hr \/>\n<p style=\"text-align: center;\"><strong>Bericht im Alt-Neu\u00f6ttinger Anzeiger vom 18.11.2017<\/strong><br \/>\n(zur Vergr\u00f6\u00dferung bitte anklicken):<\/p>\n<p><a href=\"http:\/\/dialyse-organ-aoe.de\/wp-content\/uploads\/2019\/12\/2017_11_18_PNP.pdf\" target=\"_blank\" rel=\"noopener noreferrer\"><img loading=\"lazy\" decoding=\"async\" class=\"wp-image-279 size-full aligncenter\" src=\"http:\/\/dialyse-organ-aoe.de\/wp-content\/uploads\/2019\/12\/2017_11_18_PNP.jpg\" alt=\"\" width=\"700\" height=\"634\" srcset=\"http:\/\/dialyse-organ-aoe.de\/wp-content\/uploads\/2019\/12\/2017_11_18_PNP.jpg 700w, http:\/\/dialyse-organ-aoe.de\/wp-content\/uploads\/2019\/12\/2017_11_18_PNP-300x272.jpg 300w, http:\/\/dialyse-organ-aoe.de\/wp-content\/uploads\/2019\/12\/2017_11_18_PNP-331x300.jpg 331w\" sizes=\"auto, (max-width: 700px) 100vw, 700px\" \/><\/a><\/p>\n<hr \/>\n","protected":false},"excerpt":{"rendered":"<p>&nbsp; Jahreshauptversammlung mit Wahl des Vorstandes 08.03.2026 &nbsp; Organspendetag mit hohem Besuch 06.06.2025 &nbsp; 30 j\u00e4hriges Bestehen der Selbsthilfegruppe vom 07.09.2025 &nbsp; &nbsp; Bericht im Alt-Neu\u00f6ttinger Anzeiger vom 07.06.2021 (zur Vergr\u00f6\u00dferung bitte anklicken): Bericht im Alt-Neu\u00f6ttinger Anzeiger vom 20.04.2021 (zur &hellip; <a href=\"http:\/\/dialyse-organ-aoe.de\/?page_id=19\">Weiterlesen <span class=\"meta-nav\">&rarr;<\/span><\/a><\/p>\n","protected":false},"author":1,"featured_media":427,"parent":0,"menu_order":0,"comment_status":"closed","ping_status":"closed","template":"","meta":{"footnotes":""},"class_list":["post-19","page","type-page","status-publish","has-post-thumbnail","hentry"],"_links":{"self":[{"href":"http:\/\/dialyse-organ-aoe.de\/index.php?rest_route=\/wp\/v2\/pages\/19","targetHints":{"allow":["GET"]}}],"collection":[{"href":"http:\/\/dialyse-organ-aoe.de\/index.php?rest_route=\/wp\/v2\/pages"}],"about":[{"href":"http:\/\/dialyse-organ-aoe.de\/index.php?rest_route=\/wp\/v2\/types\/page"}],"author":[{"embeddable":true,"href":"http:\/\/dialyse-organ-aoe.de\/index.php?rest_route=\/wp\/v2\/users\/1"}],"replies":[{"embeddable":true,"href":"http:\/\/dialyse-organ-aoe.de\/index.php?rest_route=%2Fwp%2Fv2%2Fcomments&post=19"}],"version-history":[{"count":30,"href":"http:\/\/dialyse-organ-aoe.de\/index.php?rest_route=\/wp\/v2\/pages\/19\/revisions"}],"predecessor-version":[{"id":924,"href":"http:\/\/dialyse-organ-aoe.de\/index.php?rest_route=\/wp\/v2\/pages\/19\/revisions\/924"}],"wp:featuredmedia":[{"embeddable":true,"href":"http:\/\/dialyse-organ-aoe.de\/index.php?rest_route=\/wp\/v2\/media\/427"}],"wp:attachment":[{"href":"http:\/\/dialyse-organ-aoe.de\/index.php?rest_route=%2Fwp%2Fv2%2Fmedia&parent=19"}],"curies":[{"name":"wp","href":"https:\/\/api.w.org\/{rel}","templated":true}]}}