{"id":21,"date":"2019-11-24T16:30:35","date_gmt":"2019-11-24T16:30:35","guid":{"rendered":"https:\/\/dialyse-organ-aoe.de\/?page_id=21"},"modified":"2020-04-14T12:28:17","modified_gmt":"2020-04-14T12:28:17","slug":"kontakt","status":"publish","type":"page","link":"http:\/\/dialyse-organ-aoe.de\/?page_id=21","title":{"rendered":"Kontakt"},"content":{"rendered":"<p><img loading=\"lazy\" decoding=\"async\" class=\"wp-image-69 size-full alignleft\" src=\"http:\/\/dialyse-organ-aoe.de\/wp-content\/uploads\/2019\/11\/logo.jpg\" alt=\"\" width=\"200\" height=\"200\" srcset=\"http:\/\/dialyse-organ-aoe.de\/wp-content\/uploads\/2019\/11\/logo.jpg 200w, http:\/\/dialyse-organ-aoe.de\/wp-content\/uploads\/2019\/11\/logo-150x150.jpg 150w\" sizes=\"auto, (max-width: 200px) 100vw, 200px\" \/><strong>Selbsthilfegruppe f\u00fcr Dialysepatienten<br \/>\nund Organtransplantierte e.V. Alt\u00f6tting<\/strong><\/p>\n<p>Vorsitzender: Herr Josef Rossak<br \/>\nPfarrstra\u00dfe 9, 84533 Marktl a. Inn<br \/>\nTel.: 08678-1206<br \/>\nE-Mail: info (at) dialyse-organ-aoe.de<\/p>\n<p><a href=\"http:\/\/www.dialyse-organ-aoe.de\">www.dialyse-organ-aoe.de<\/a><br \/>\n<a href=\"http:\/\/www.dialyse-organ-a\u00f6.de\">www.dialyse-organ-a\u00f6.de<\/a><\/p>\n","protected":false},"excerpt":{"rendered":"<p>Selbsthilfegruppe f\u00fcr Dialysepatienten und Organtransplantierte e.V. Alt\u00f6tting Vorsitzender: Herr Josef Rossak Pfarrstra\u00dfe 9, 84533 Marktl a. Inn Tel.: 08678-1206 E-Mail: info (at) dialyse-organ-aoe.de www.dialyse-organ-aoe.de www.dialyse-organ-a\u00f6.de<\/p>\n","protected":false},"author":1,"featured_media":427,"parent":0,"menu_order":0,"comment_status":"closed","ping_status":"closed","template":"","meta":{"footnotes":""},"class_list":["post-21","page","type-page","status-publish","has-post-thumbnail","hentry"],"_links":{"self":[{"href":"http:\/\/dialyse-organ-aoe.de\/index.php?rest_route=\/wp\/v2\/pages\/21","targetHints":{"allow":["GET"]}}],"collection":[{"href":"http:\/\/dialyse-organ-aoe.de\/index.php?rest_route=\/wp\/v2\/pages"}],"about":[{"href":"http:\/\/dialyse-organ-aoe.de\/index.php?rest_route=\/wp\/v2\/types\/page"}],"author":[{"embeddable":true,"href":"http:\/\/dialyse-organ-aoe.de\/index.php?rest_route=\/wp\/v2\/users\/1"}],"replies":[{"embeddable":true,"href":"http:\/\/dialyse-organ-aoe.de\/index.php?rest_route=%2Fwp%2Fv2%2Fcomments&post=21"}],"version-history":[{"count":17,"href":"http:\/\/dialyse-organ-aoe.de\/index.php?rest_route=\/wp\/v2\/pages\/21\/revisions"}],"predecessor-version":[{"id":622,"href":"http:\/\/dialyse-organ-aoe.de\/index.php?rest_route=\/wp\/v2\/pages\/21\/revisions\/622"}],"wp:featuredmedia":[{"embeddable":true,"href":"http:\/\/dialyse-organ-aoe.de\/index.php?rest_route=\/wp\/v2\/media\/427"}],"wp:attachment":[{"href":"http:\/\/dialyse-organ-aoe.de\/index.php?rest_route=%2Fwp%2Fv2%2Fmedia&parent=21"}],"curies":[{"name":"wp","href":"https:\/\/api.w.org\/{rel}","templated":true}]}}