{"id":87,"date":"2019-11-26T18:42:35","date_gmt":"2019-11-26T18:42:35","guid":{"rendered":"https:\/\/dialyse-organ-aoe.de\/?page_id=87"},"modified":"2020-04-09T14:38:26","modified_gmt":"2020-04-09T14:38:26","slug":"beschreibung-selbsthilfegruppe","status":"publish","type":"page","link":"http:\/\/dialyse-organ-aoe.de\/?page_id=87","title":{"rendered":"Beschreibung Selbsthilfegruppe"},"content":{"rendered":"<p>Unsere Selbsthilfegruppe wurde 1995 als gemeinn\u00fctziger Verein f\u00fcr Dialysepatienten und Nierentransplantierte gegr\u00fcndet.<\/p>\n<p>Eine schwere Nierenerkrankung stellt h\u00e4ufig eine wesentliche Einschr\u00e4nkungder Lebensqualit\u00e4t dar. Im fortgeschrittenen Stadium kann es zum Nierenversagen kommen. In der Folge wird dann eine Dialysebehandlung unumg\u00e4nglich. F\u00fcr den Patienten bedeutet dies, seinen Lebensrhythmus k\u00fcnftig auf die regelm\u00e4\u00dfige Blutw\u00e4sche abstimmen zu m\u00fcssen.<\/p>\n<p>Bis zu einer Transplantation, die bei positivem Verlauf wieder ein ann\u00e4hernd normales Leben erm\u00f6glicht, ist aber oft ein langer Weg. W\u00e4hrend dieser Zeit und auch nach einer Transplantation finden unsere Mitglieder Halt und Unterst\u00fctzung in der Selbsthilfegruppe. Wir treffen uns hierzu regelm\u00e4\u00dfig zum Erfahrungsaustausch, organisieren Vortr\u00e4ge zu sozialen, rechtlichen und medizinischen Fragen, unternehmen aber auch gemeinsame Ausfl\u00fcge oder veranstalten j\u00e4hrlich eine Grill- sowie eine Weihnachtsfeier.<\/p>\n<p>Der zweite Schwerpunkt in unserer Selbsthilfearbeit liegt in der F\u00f6rderung der Organspende. Die Aufkl\u00e4rung der \u00d6ffentlichkeit, z.B. am Tag der Organspende, steht dabei im Mittelpunkt. Wir sind bestrebt, Erfahrungen aus der Gruppe mit wertvollen Informationen an betroffene Patienten sowie an alle Interessierten weiter zu geben. Neue Mitglieder sind herzlich willkommen.<\/p>\n<p><a href=\"https:\/\/dialyse-organ-aoe.de\/wp-content\/uploads\/2019\/11\/Gesundheitsleitfaden.pdf\" target=\"_blank\" rel=\"noopener noreferrer\">Gesundheitsleitfaden<\/a><\/p>\n","protected":false},"excerpt":{"rendered":"<p>Unsere Selbsthilfegruppe wurde 1995 als gemeinn\u00fctziger Verein f\u00fcr Dialysepatienten und Nierentransplantierte gegr\u00fcndet. Eine schwere Nierenerkrankung stellt h\u00e4ufig eine wesentliche Einschr\u00e4nkungder Lebensqualit\u00e4t dar. Im fortgeschrittenen Stadium kann es zum Nierenversagen kommen. In der Folge wird dann eine Dialysebehandlung unumg\u00e4nglich. F\u00fcr den &hellip; <a href=\"http:\/\/dialyse-organ-aoe.de\/?page_id=87\">Weiterlesen <span class=\"meta-nav\">&rarr;<\/span><\/a><\/p>\n","protected":false},"author":1,"featured_media":427,"parent":9,"menu_order":0,"comment_status":"closed","ping_status":"closed","template":"","meta":{"footnotes":""},"class_list":["post-87","page","type-page","status-publish","has-post-thumbnail","hentry"],"_links":{"self":[{"href":"http:\/\/dialyse-organ-aoe.de\/index.php?rest_route=\/wp\/v2\/pages\/87","targetHints":{"allow":["GET"]}}],"collection":[{"href":"http:\/\/dialyse-organ-aoe.de\/index.php?rest_route=\/wp\/v2\/pages"}],"about":[{"href":"http:\/\/dialyse-organ-aoe.de\/index.php?rest_route=\/wp\/v2\/types\/page"}],"author":[{"embeddable":true,"href":"http:\/\/dialyse-organ-aoe.de\/index.php?rest_route=\/wp\/v2\/users\/1"}],"replies":[{"embeddable":true,"href":"http:\/\/dialyse-organ-aoe.de\/index.php?rest_route=%2Fwp%2Fv2%2Fcomments&post=87"}],"version-history":[{"count":7,"href":"http:\/\/dialyse-organ-aoe.de\/index.php?rest_route=\/wp\/v2\/pages\/87\/revisions"}],"predecessor-version":[{"id":195,"href":"http:\/\/dialyse-organ-aoe.de\/index.php?rest_route=\/wp\/v2\/pages\/87\/revisions\/195"}],"up":[{"embeddable":true,"href":"http:\/\/dialyse-organ-aoe.de\/index.php?rest_route=\/wp\/v2\/pages\/9"}],"wp:featuredmedia":[{"embeddable":true,"href":"http:\/\/dialyse-organ-aoe.de\/index.php?rest_route=\/wp\/v2\/media\/427"}],"wp:attachment":[{"href":"http:\/\/dialyse-organ-aoe.de\/index.php?rest_route=%2Fwp%2Fv2%2Fmedia&parent=87"}],"curies":[{"name":"wp","href":"https:\/\/api.w.org\/{rel}","templated":true}]}}